{"id":5590,"date":"2021-01-16T18:17:15","date_gmt":"2021-01-16T18:17:15","guid":{"rendered":"https:\/\/brandexponents.com\/tatsu-lite\/skin-care-product1\/?page_id=4"},"modified":"2023-07-04T08:06:47","modified_gmt":"2023-07-04T08:06:47","slug":"artiste-a-mulhouse","status":"publish","type":"page","link":"https:\/\/francoisematthalm.com\/","title":{"rendered":"Fran\u00e7oise Matt Halm"},"content":{"rendered":"<div  class=\"tatsu-SJsuYb8xc tatsu-section    tatsu-clearfix\" data-title=\"\"  data-headerscheme=\"background--dark\"><div class='tatsu-section-pad clearfix' data-padding='{\"d\":\"90px 0px 90px 0px\"}' data-padding-top='90px'><div class=\"tatsu-row-wrap  tatsu-wrap tatsu-row-one-col tatsu-row-has-one-cols tatsu-medium-gutter tatsu-reg-cols  tatsu-clearfix tatsu-SyeodtbUgq\" ><div  class=\"tatsu-row \" ><div  class=\"tatsu-column  tatsu-one-col tatsu-column-image-none tatsu-column-effect-none  tatsu-HkZjuKbLe9\"  data-parallax-speed=\"0\" style=\"\"><div class=\"tatsu-column-inner \" ><div class=\"tatsu-column-pad-wrap\"><div class=\"tatsu-column-pad\" ><div class=\"tatsu-row-wrap  tatsu-row-has-three-cols tatsu-medium-gutter tatsu-reg-cols tatsu-inner-row-wrap  tatsu-clearfix tatsu-HyzodKZ8e9\" ><div  class=\"tatsu-row \" ><div  class=\"tatsu-column  tatsu-one-third tatsu-column-image- tatsu-column-effect-  tatsu-S1XoOYWLxq\"  data-parallax-speed=\"0\" style=\"\"><div class=\"tatsu-column-inner \" ><div class=\"tatsu-column-pad-wrap\"><div class=\"tatsu-column-pad\" ><div  class=\"tatsu-module tatsu-gradient-icon tatsu-icon-shortcode align-left tatsu-B1NoOF-Lg9 transparent-bg   \">\n\t\t\t\t<a href=\"#\" class=\"tatsu-icon-bg tatsu-custom-icon-bg medium plain    \"  data-gdpr-atts={} >\n\t\t\t\t\t<i class=\"tatsu-icon tatsu-icon-quote default\"><\/i>\n\t\t\t\t\t<i class=\"tatsu-icon tatsu-icon-quote hover\"><\/i>\n\t\t\t\t<\/a>\n            <style>.tatsu-B1NoOF-Lg9 .tatsu-icon.default{color: rgba(18,182,182,1) ;}.tatsu-B1NoOF-Lg9 .tatsu-icon.hover{color: rgba(18,182,182,1) ;}<\/style>\n\t\t<\/div><div  class=\"tatsu-module tatsu-inline-text clearfix tatsu-BJro_tWUeq   \" ><style>.tatsu-BJro_tWUeq .tatsu-inline-text-inner{width: 100%;text-align: left;}<\/style><div class=\"tatsu-inline-text-inner tatsu-align-center\">\n<p><span style=\"font-size: 18px;\">Le bonheur est dans le sourire et le bien-\u00eatre de l\u2019art, cadeaux indispensables \u00e0 la Vie!<\/span><\/p>\n<\/div><\/div><div  class=\"tatsu-module tatsu-inline-text clearfix tatsu-HyUiOtZLec   \" ><style>.tatsu-HyUiOtZLec .tatsu-inline-text-inner{width: 100%;text-align: left;}.tatsu-HyUiOtZLec.tatsu-inline-text{margin: 0px 0px 0px 0px ;}<\/style><div class=\"tatsu-inline-text-inner tatsu-align-center\">\n<h1 style=\"text-align: left;\">Fran\u00e7oise MATT HALM<\/h1>\n<\/div><\/div><div  class=\"tatsu-module tatsu-inline-text clearfix tatsu-HkvsdtZLxq   \" ><style>.tatsu-HkvsdtZLxq .tatsu-inline-text-inner{width: 100%;text-align: left;}<\/style><div class=\"tatsu-inline-text-inner tatsu-align-center\">\n<p><span class=\"h9\">Artiste \u00e0 Mulhouse<\/span><\/p>\n<\/div><\/div><div  class=\"tatsu-module tatsu-normal-button tatsu-button-wrap align-block block-right  tatsu-B1Q89-Lg9   \"><a class=\"tatsu-shortcode mediumbtn tatsu-button left-icon circular   bg-animation-none  \" href=\"\/igalerie\" style= \"\"  aria-label=\"Ma Galerie\" data-gdpr-atts={} >Ma Galerie<\/a><style>.tatsu-B1Q89-Lg9 .tatsu-button{background-color: rgba(18,182,182,1);color: #ffffff ;}<\/style><\/div><\/div><\/div><div class = \"tatsu-column-bg-image-wrap\"><div class = \"tatsu-column-bg-image\" ><\/div><\/div><\/div><style>.tatsu-row > .tatsu-S1XoOYWLxq.tatsu-column{width: 40%;}.tatsu-S1XoOYWLxq.tatsu-column > .tatsu-column-inner{background-color: rgba(255,255,255,1);box-shadow: -5px 0px 30px 0px rgba(214,215,216,0.57);}.tatsu-S1XoOYWLxq.tatsu-column > .tatsu-column-inner > .tatsu-column-pad-wrap > .tatsu-column-pad{padding: 50px 50px 50px 50px ;}.tatsu-S1XoOYWLxq.tatsu-column > .tatsu-column-inner > .tatsu-column-overlay{mix-blend-mode: none;}.tatsu-S1XoOYWLxq > .tatsu-column-inner > .tatsu-top-divider{z-index: 9999;}.tatsu-S1XoOYWLxq > .tatsu-column-inner > .tatsu-bottom-divider{z-index: 9999;}.tatsu-S1XoOYWLxq > .tatsu-column-inner > .tatsu-left-divider{z-index: 9999;}.tatsu-S1XoOYWLxq > .tatsu-column-inner > .tatsu-right-divider{z-index: 9999;}.tatsu-S1XoOYWLxq.tatsu-column{transform: translate3d(-20%,0px, 0);}@media only screen and (max-width:1377px) {.tatsu-row > .tatsu-S1XoOYWLxq.tatsu-column{width: 40%;}.tatsu-S1XoOYWLxq.tatsu-column{transform: translate3d(-5%,0px, 0);}}@media only screen and (min-width:768px) and (max-width: 1024px) {.tatsu-row > .tatsu-S1XoOYWLxq.tatsu-column{width: 49.36%;}.tatsu-S1XoOYWLxq.tatsu-column{transform: translate3d(20px,0px, 0);}}@media only screen and (max-width: 767px) {.tatsu-row > .tatsu-S1XoOYWLxq.tatsu-column{width: 100%;}.tatsu-S1XoOYWLxq.tatsu-column > .tatsu-column-inner > .tatsu-column-pad-wrap > .tatsu-column-pad{padding: 50px 30px 50px 30px;}.tatsu-S1XoOYWLxq.tatsu-column{transform: translate3d(0px,0px, 0);}}<\/style><\/div><div  class=\"tatsu-column  tatsu-column-no-bg tatsu-column-empty tatsu-one-third tatsu-column-image- tatsu-column-effect-  tatsu-H1OsuF-8eq\"  data-parallax-speed=\"0\" style=\"\"><div class=\"tatsu-column-inner \" ><div class=\"tatsu-column-pad-wrap\"><div class=\"tatsu-column-pad\" ><\/div><\/div><div class = \"tatsu-column-bg-image-wrap\"><div class = \"tatsu-column-bg-image\" ><\/div><\/div><\/div><style>.tatsu-row > .tatsu-H1OsuF-8eq.tatsu-column{width: 33.33%;}.tatsu-H1OsuF-8eq.tatsu-column > .tatsu-column-inner > .tatsu-column-overlay{mix-blend-mode: none;}.tatsu-H1OsuF-8eq > .tatsu-column-inner > .tatsu-top-divider{z-index: 9999;}.tatsu-H1OsuF-8eq > .tatsu-column-inner > .tatsu-bottom-divider{z-index: 9999;}.tatsu-H1OsuF-8eq > .tatsu-column-inner > .tatsu-left-divider{z-index: 9999;}.tatsu-H1OsuF-8eq > .tatsu-column-inner > .tatsu-right-divider{z-index: 9999;}@media only screen and (max-width:1377px) {.tatsu-row > .tatsu-H1OsuF-8eq.tatsu-column{width: 17.95%;}}@media only screen and (min-width:768px) and (max-width: 1024px) {.tatsu-row > .tatsu-H1OsuF-8eq.tatsu-column{width: 21.15%;}}@media only screen and (max-width: 767px) {.tatsu-row > .tatsu-H1OsuF-8eq.tatsu-column{width: 100%;}}<\/style><\/div><div  class=\"tatsu-column  tatsu-column-no-bg tatsu-column-empty tatsu-one-third tatsu-column-image- tatsu-column-effect-  tatsu-H1YjuYbIlq\"  data-parallax-speed=\"0\" style=\"\"><div class=\"tatsu-column-inner \" ><div class=\"tatsu-column-pad-wrap\"><div class=\"tatsu-column-pad\" ><\/div><\/div><div class = \"tatsu-column-bg-image-wrap\"><div class = \"tatsu-column-bg-image\" ><\/div><\/div><\/div><style>.tatsu-row > .tatsu-H1YjuYbIlq.tatsu-column{width: 33.33%;}.tatsu-H1YjuYbIlq.tatsu-column > .tatsu-column-inner > .tatsu-column-overlay{mix-blend-mode: none;}.tatsu-H1YjuYbIlq > .tatsu-column-inner > .tatsu-top-divider{z-index: 9999;}.tatsu-H1YjuYbIlq > .tatsu-column-inner > .tatsu-bottom-divider{z-index: 9999;}.tatsu-H1YjuYbIlq > .tatsu-column-inner > .tatsu-left-divider{z-index: 9999;}.tatsu-H1YjuYbIlq > .tatsu-column-inner > .tatsu-right-divider{z-index: 9999;}@media only screen and (max-width:1377px) {.tatsu-row > .tatsu-H1YjuYbIlq.tatsu-column{width: 33.33%;}}@media only screen and (min-width:768px) and (max-width: 1024px) {.tatsu-row > .tatsu-H1YjuYbIlq.tatsu-column{width: 21.79%;}}@media only screen and (max-width: 767px) {.tatsu-row > .tatsu-H1YjuYbIlq.tatsu-column{width: 100%;}}<\/style><\/div><\/div><\/div><\/div><\/div><div class = \"tatsu-column-bg-image-wrap\"><div class = \"tatsu-column-bg-image\" ><\/div><\/div><\/div><style>.tatsu-row > .tatsu-HkZjuKbLe9.tatsu-column{width: 100%;}.tatsu-HkZjuKbLe9.tatsu-column > .tatsu-column-inner > .tatsu-column-bg-image-wrap > .tatsu-column-bg-image{background-image: url(https:\/\/francoisematthalm.com\/wp-content\/uploads\/2022\/02\/port_66.jpg);background-repeat: no-repeat;background-attachment: scroll;background-position: center center;background-size: cover;}.tatsu-HkZjuKbLe9.tatsu-column > .tatsu-column-inner > .tatsu-bg-blur{background-repeat: no-repeat;background-attachment: scroll;background-position: center center;background-size: cover;}.tatsu-HkZjuKbLe9.tatsu-column > .tatsu-column-inner > .tatsu-column-pad-wrap > .tatsu-column-pad{padding: 150px 0px 150px 0px ;}.tatsu-HkZjuKbLe9.tatsu-column > .tatsu-column-inner > .tatsu-column-overlay{mix-blend-mode: none;}.tatsu-HkZjuKbLe9 > .tatsu-column-inner > .tatsu-top-divider{z-index: 9999;}.tatsu-HkZjuKbLe9 > .tatsu-column-inner > .tatsu-bottom-divider{z-index: 9999;}.tatsu-HkZjuKbLe9 > .tatsu-column-inner > .tatsu-left-divider{z-index: 9999;}.tatsu-HkZjuKbLe9 > .tatsu-column-inner > .tatsu-right-divider{z-index: 9999;}@media only screen and (max-width:1377px) {.tatsu-row > .tatsu-HkZjuKbLe9.tatsu-column{width: 100%;}}@media only screen and (min-width:768px) and (max-width: 1024px) {.tatsu-row > .tatsu-HkZjuKbLe9.tatsu-column{width: 100%;}}@media only screen and (max-width: 767px) {.tatsu-row > .tatsu-HkZjuKbLe9.tatsu-column{width: 100%;}.tatsu-HkZjuKbLe9.tatsu-column > .tatsu-column-inner > .tatsu-column-bg-image-wrap > .tatsu-column-bg-image{background-position: top center;background-size: contain;}.tatsu-HkZjuKbLe9.tatsu-column > .tatsu-column-inner > .tatsu-bg-blur{background-position: top center;background-size: contain;}.tatsu-HkZjuKbLe9.tatsu-column > .tatsu-column-inner > .tatsu-column-pad-wrap > .tatsu-column-pad{padding: 200px 0px 200px 0px;}}<\/style><\/div><\/div><\/div><div class=\"tatsu-row-wrap  tatsu-wrap tatsu-row-one-col tatsu-row-has-one-cols tatsu-medium-gutter tatsu-reg-cols  tatsu-clearfix tatsu-HkevGarWK3\" ><div  class=\"tatsu-row \" ><div  class=\"tatsu-column  tatsu-bg-overlay tatsu-one-col tatsu-column-image-none tatsu-column-effect-none  tatsu-S1DGpBbFh\"  data-parallax-speed=\"0\" style=\"\"><div class=\"tatsu-column-inner \" ><div class=\"tatsu-column-pad-wrap\"><div class=\"tatsu-column-pad\" ><div id = \"\" class=\"tatsu-code tatsu-module tatsu-r13zaB-Kh   \"  >\n<p><style>\n    .black {\n      color: black;\n      margin-bottom: 0;\n    }\n    .black img {\n      filter: grayscale(1);\n      transition: 200ms;\n    }<\/p>\n<p>    .black a:hover img {\n      filter: grayscale(0);\n    }\n    .flex-footer{\n        margin-top:20px;\n        margin-bottom:20px;<\/p>\n<p>    }<\/p>\n<p>    @media screen and (max-width: 770px) {\n      .flex-footer {\n        flex-direction: column;\n      }\n      .black{\n        text-align:center;\n        padding-top:15px\n    }<\/p>\n<p>    }\n  <\/style>\n<\/p>\n<div class=\"flex-footer\" style=\"display: flex; align-items: center;\">\n<p class=\"black\">\u00a9 Depuis 2006 <a class=\"karedess\" style=\"color: #e6007e;\" href=\"https:\/\/karedess.agency?utm_source=FOOTER&amp;utm_medium=organic&amp;utm_campaign=(Fran\u00e7oise Matt Halm)\" target=\"_blank\" rel=\"noopener\">KAREDESS<\/a> &#8211; Cr\u00e9ation de sites internet \u00e0 Mulhouse<\/p>\n<div class=\"black\" style=\"display: flex; justify-content: center; margin-left: 10px;\"><a href=\"https:\/\/karedess.agency?utm_source=FOOTER&amp;utm_medium=organic&amp;utm_campaign=(Fran\u00e7oise Matt Halm)\" target=\"_blank\" rel=\"noopener\"><img decoding=\"async\" style=\"width: 50px;\" src=\"https:\/\/karedess.agency\/wp-content\/uploads\/2023\/03\/KD-CAMELEON.svg\" alt=\"\" \/> <\/a><\/div>\n<\/div>\n<p><script>\n    document.querySelector(\".karedess\").addEventListener(\"mouseenter\", () => {\n      document.querySelector(\".black img\").style.filter = \"grayscale(0)\";\n    });<\/p>\n<p>    document.querySelector(\".karedess\").addEventListener(\"mouseleave\", () => {\n      document.querySelector(\".black img\").style.filter = \"grayscale(1)\";\n    });<\/p>\n<p>    document.querySelector(\".black img\").addEventListener(\"mouseleave\", () => {\n      document.querySelector(\".black img\").style.filter = \"grayscale(1)\";\n    });\n    document.querySelector(\".black img\").addEventListener(\"mouseenter\", () => {\n      document.querySelector(\".black img\").style.filter = \"grayscale(0)\";\n    });\n  <\/script><\/p>\n<\/div><\/div><\/div><div class = \"tatsu-column-bg-image-wrap\"><div class = \"tatsu-column-bg-image\" ><\/div><\/div><div class=\"tatsu-overlay tatsu-column-overlay tatsu-animate-none\" ><\/div><\/div><style>.tatsu-row > .tatsu-S1DGpBbFh.tatsu-column{width: 100%;}.tatsu-S1DGpBbFh.tatsu-column > .tatsu-column-inner > .tatsu-column-overlay{mix-blend-mode: normal;}.tatsu-S1DGpBbFh > .tatsu-column-inner > .tatsu-top-divider{z-index: 9999;}.tatsu-S1DGpBbFh > .tatsu-column-inner > .tatsu-bottom-divider{z-index: 9999;}.tatsu-S1DGpBbFh > .tatsu-column-inner > .tatsu-left-divider{z-index: 9999;}.tatsu-S1DGpBbFh > .tatsu-column-inner > .tatsu-right-divider{z-index: 9999;}@media only screen and (max-width:1377px) {.tatsu-row > .tatsu-S1DGpBbFh.tatsu-column{width: 100%;}}@media only screen and (min-width:768px) and (max-width: 1024px) {.tatsu-row > .tatsu-S1DGpBbFh.tatsu-column{width: 100%;}}@media only screen and (max-width: 767px) {.tatsu-row > .tatsu-S1DGpBbFh.tatsu-column{width: 100%;}}<\/style><\/div><\/div><\/div><\/div><div class=\"tatsu-section-background-wrap\"><div class = \"tatsu-section-background\" ><\/div><\/div><style>.tatsu-SJsuYb8xc.tatsu-section{background-color: rgba(255,255,255,1);}.tatsu-SJsuYb8xc .tatsu-section-pad{padding: 90px 0px 90px 0px;}.tatsu-SJsuYb8xc > .tatsu-bottom-divider{z-index: 9999;}.tatsu-SJsuYb8xc > .tatsu-top-divider{z-index: 9999;}<\/style><\/div>\n","protected":false},"excerpt":{"rendered":"","protected":false},"author":1,"featured_media":0,"parent":0,"menu_order":0,"comment_status":"closed","ping_status":"closed","template":"tatsu-default.php","meta":{"footnotes":""},"class_list":["post-5590","page","type-page","status-publish","hentry"],"yoast_head":"<!-- This site is optimized with the Yoast SEO plugin v27.3 - https:\/\/yoast.com\/product\/yoast-seo-wordpress\/ -->\n<title>Fran\u00e7oise Matt Halm - Fran\u00e7oise Matt Halm<\/title>\n<meta name=\"description\" content=\"Fran\u00e7oise Matt Halm est une artiste Mulhousienne; Peinture, Sculpture, Oeuvre Monumentale. Le plaisir des yeux et de la cr\u00e9ativit\u00e9 avant tout\" \/>\n<meta name=\"robots\" content=\"index, follow, max-snippet:-1, max-image-preview:large, max-video-preview:-1\" \/>\n<link rel=\"canonical\" href=\"https:\/\/francoisematthalm.com\/\" \/>\n<meta property=\"og:locale\" content=\"fr_FR\" \/>\n<meta property=\"og:type\" content=\"article\" \/>\n<meta property=\"og:title\" content=\"Fran\u00e7oise Matt Halm - Fran\u00e7oise Matt Halm\" \/>\n<meta property=\"og:description\" content=\"Fran\u00e7oise Matt Halm est une artiste Mulhousienne; Peinture, Sculpture, Oeuvre Monumentale. Le plaisir des yeux et de la cr\u00e9ativit\u00e9 avant tout\" \/>\n<meta property=\"og:url\" content=\"https:\/\/francoisematthalm.com\/\" \/>\n<meta property=\"og:site_name\" content=\"Fran\u00e7oise Matt Halm\" \/>\n<meta property=\"article:modified_time\" content=\"2023-07-04T08:06:47+00:00\" \/>\n<meta property=\"og:image\" content=\"https:\/\/karedess.agency\/wp-content\/uploads\/2023\/03\/KD-CAMELEON.svg\" \/>\n<meta name=\"twitter:card\" content=\"summary_large_image\" \/>\n<meta name=\"twitter:label1\" content=\"Dur\u00e9e de lecture estim\u00e9e\" \/>\n\t<meta name=\"twitter:data1\" content=\"5 minutes\" \/>\n<script type=\"application\/ld+json\" class=\"yoast-schema-graph\">{\"@context\":\"https:\\\/\\\/schema.org\",\"@graph\":[{\"@type\":\"WebPage\",\"@id\":\"https:\\\/\\\/francoisematthalm.com\\\/\",\"url\":\"https:\\\/\\\/francoisematthalm.com\\\/\",\"name\":\"Fran\u00e7oise Matt Halm - Fran\u00e7oise Matt Halm\",\"isPartOf\":{\"@id\":\"https:\\\/\\\/francoisematthalm.com\\\/#website\"},\"primaryImageOfPage\":{\"@id\":\"https:\\\/\\\/francoisematthalm.com\\\/#primaryimage\"},\"image\":{\"@id\":\"https:\\\/\\\/francoisematthalm.com\\\/#primaryimage\"},\"thumbnailUrl\":\"https:\\\/\\\/karedess.agency\\\/wp-content\\\/uploads\\\/2023\\\/03\\\/KD-CAMELEON.svg\",\"datePublished\":\"2021-01-16T18:17:15+00:00\",\"dateModified\":\"2023-07-04T08:06:47+00:00\",\"description\":\"Fran\u00e7oise Matt Halm est une artiste Mulhousienne; Peinture, Sculpture, Oeuvre Monumentale. Le plaisir des yeux et de la cr\u00e9ativit\u00e9 avant tout\",\"breadcrumb\":{\"@id\":\"https:\\\/\\\/francoisematthalm.com\\\/#breadcrumb\"},\"inLanguage\":\"fr-FR\",\"potentialAction\":[{\"@type\":\"ReadAction\",\"target\":[\"https:\\\/\\\/francoisematthalm.com\\\/\"]}]},{\"@type\":\"ImageObject\",\"inLanguage\":\"fr-FR\",\"@id\":\"https:\\\/\\\/francoisematthalm.com\\\/#primaryimage\",\"url\":\"https:\\\/\\\/karedess.agency\\\/wp-content\\\/uploads\\\/2023\\\/03\\\/KD-CAMELEON.svg\",\"contentUrl\":\"https:\\\/\\\/karedess.agency\\\/wp-content\\\/uploads\\\/2023\\\/03\\\/KD-CAMELEON.svg\"},{\"@type\":\"BreadcrumbList\",\"@id\":\"https:\\\/\\\/francoisematthalm.com\\\/#breadcrumb\",\"itemListElement\":[{\"@type\":\"ListItem\",\"position\":1,\"name\":\"Accueil\",\"item\":\"https:\\\/\\\/francoisematthalm.com\\\/\"},{\"@type\":\"ListItem\",\"position\":2,\"name\":\"Fran\u00e7oise Matt Halm\"}]},{\"@type\":\"WebSite\",\"@id\":\"https:\\\/\\\/francoisematthalm.com\\\/#website\",\"url\":\"https:\\\/\\\/francoisematthalm.com\\\/\",\"name\":\"Fran\u00e7oise Matt Halm\",\"description\":\"Artiste \u00e0 Mulhouse\",\"potentialAction\":[{\"@type\":\"SearchAction\",\"target\":{\"@type\":\"EntryPoint\",\"urlTemplate\":\"https:\\\/\\\/francoisematthalm.com\\\/?s={search_term_string}\"},\"query-input\":{\"@type\":\"PropertyValueSpecification\",\"valueRequired\":true,\"valueName\":\"search_term_string\"}}],\"inLanguage\":\"fr-FR\"}]}<\/script>\n<!-- \/ Yoast SEO plugin. -->","yoast_head_json":{"title":"Fran\u00e7oise Matt Halm - Fran\u00e7oise Matt Halm","description":"Fran\u00e7oise Matt Halm est une artiste Mulhousienne; Peinture, Sculpture, Oeuvre Monumentale. Le plaisir des yeux et de la cr\u00e9ativit\u00e9 avant tout","robots":{"index":"index","follow":"follow","max-snippet":"max-snippet:-1","max-image-preview":"max-image-preview:large","max-video-preview":"max-video-preview:-1"},"canonical":"https:\/\/francoisematthalm.com\/","og_locale":"fr_FR","og_type":"article","og_title":"Fran\u00e7oise Matt Halm - Fran\u00e7oise Matt Halm","og_description":"Fran\u00e7oise Matt Halm est une artiste Mulhousienne; Peinture, Sculpture, Oeuvre Monumentale. Le plaisir des yeux et de la cr\u00e9ativit\u00e9 avant tout","og_url":"https:\/\/francoisematthalm.com\/","og_site_name":"Fran\u00e7oise Matt Halm","article_modified_time":"2023-07-04T08:06:47+00:00","og_image":[{"url":"https:\/\/karedess.agency\/wp-content\/uploads\/2023\/03\/KD-CAMELEON.svg","type":"","width":"","height":""}],"twitter_card":"summary_large_image","twitter_misc":{"Dur\u00e9e de lecture estim\u00e9e":"5 minutes"},"schema":{"@context":"https:\/\/schema.org","@graph":[{"@type":"WebPage","@id":"https:\/\/francoisematthalm.com\/","url":"https:\/\/francoisematthalm.com\/","name":"Fran\u00e7oise Matt Halm - Fran\u00e7oise Matt Halm","isPartOf":{"@id":"https:\/\/francoisematthalm.com\/#website"},"primaryImageOfPage":{"@id":"https:\/\/francoisematthalm.com\/#primaryimage"},"image":{"@id":"https:\/\/francoisematthalm.com\/#primaryimage"},"thumbnailUrl":"https:\/\/karedess.agency\/wp-content\/uploads\/2023\/03\/KD-CAMELEON.svg","datePublished":"2021-01-16T18:17:15+00:00","dateModified":"2023-07-04T08:06:47+00:00","description":"Fran\u00e7oise Matt Halm est une artiste Mulhousienne; Peinture, Sculpture, Oeuvre Monumentale. Le plaisir des yeux et de la cr\u00e9ativit\u00e9 avant tout","breadcrumb":{"@id":"https:\/\/francoisematthalm.com\/#breadcrumb"},"inLanguage":"fr-FR","potentialAction":[{"@type":"ReadAction","target":["https:\/\/francoisematthalm.com\/"]}]},{"@type":"ImageObject","inLanguage":"fr-FR","@id":"https:\/\/francoisematthalm.com\/#primaryimage","url":"https:\/\/karedess.agency\/wp-content\/uploads\/2023\/03\/KD-CAMELEON.svg","contentUrl":"https:\/\/karedess.agency\/wp-content\/uploads\/2023\/03\/KD-CAMELEON.svg"},{"@type":"BreadcrumbList","@id":"https:\/\/francoisematthalm.com\/#breadcrumb","itemListElement":[{"@type":"ListItem","position":1,"name":"Accueil","item":"https:\/\/francoisematthalm.com\/"},{"@type":"ListItem","position":2,"name":"Fran\u00e7oise Matt Halm"}]},{"@type":"WebSite","@id":"https:\/\/francoisematthalm.com\/#website","url":"https:\/\/francoisematthalm.com\/","name":"Fran\u00e7oise Matt Halm","description":"Artiste \u00e0 Mulhouse","potentialAction":[{"@type":"SearchAction","target":{"@type":"EntryPoint","urlTemplate":"https:\/\/francoisematthalm.com\/?s={search_term_string}"},"query-input":{"@type":"PropertyValueSpecification","valueRequired":true,"valueName":"search_term_string"}}],"inLanguage":"fr-FR"}]}},"_links":{"self":[{"href":"https:\/\/francoisematthalm.com\/index.php\/wp-json\/wp\/v2\/pages\/5590","targetHints":{"allow":["GET"]}}],"collection":[{"href":"https:\/\/francoisematthalm.com\/index.php\/wp-json\/wp\/v2\/pages"}],"about":[{"href":"https:\/\/francoisematthalm.com\/index.php\/wp-json\/wp\/v2\/types\/page"}],"author":[{"embeddable":true,"href":"https:\/\/francoisematthalm.com\/index.php\/wp-json\/wp\/v2\/users\/1"}],"replies":[{"embeddable":true,"href":"https:\/\/francoisematthalm.com\/index.php\/wp-json\/wp\/v2\/comments?post=5590"}],"version-history":[{"count":6,"href":"https:\/\/francoisematthalm.com\/index.php\/wp-json\/wp\/v2\/pages\/5590\/revisions"}],"predecessor-version":[{"id":5656,"href":"https:\/\/francoisematthalm.com\/index.php\/wp-json\/wp\/v2\/pages\/5590\/revisions\/5656"}],"wp:attachment":[{"href":"https:\/\/francoisematthalm.com\/index.php\/wp-json\/wp\/v2\/media?parent=5590"}],"curies":[{"name":"wp","href":"https:\/\/api.w.org\/{rel}","templated":true}]}}